{"id":30,"date":"2018-01-16T08:52:39","date_gmt":"2018-01-16T05:52:39","guid":{"rendered":"http:\/\/www.denpametal.com\/?page_id=30"},"modified":"2023-12-01T21:26:41","modified_gmt":"2023-12-01T18:26:41","slug":"hakkimizda","status":"publish","type":"page","link":"https:\/\/www.denpametal.com\/en\/hakkimizda\/","title":{"rendered":"HAKKIMIZDA"},"content":{"rendered":"\t\t<div data-elementor-type=\"wp-page\" data-elementor-id=\"30\" class=\"elementor elementor-30\">\n\t\t\t\t\t\t\t\t\t<section class=\"elementor-section elementor-top-section elementor-element elementor-element-ebded5c elementor-section-boxed elementor-section-height-default elementor-section-height-default\" data-id=\"ebded5c\" data-element_type=\"section\" data-settings=\"{&quot;_ha_eqh_enable&quot;:false}\">\n\t\t\t\t\t\t<div class=\"elementor-container elementor-column-gap-default\">\n\t\t\t\t\t<div class=\"elementor-column elementor-col-50 elementor-top-column elementor-element elementor-element-934190d\" data-id=\"934190d\" data-element_type=\"column\">\n\t\t\t<div class=\"elementor-widget-wrap elementor-element-populated\">\n\t\t\t\t\t\t\t\t<div class=\"elementor-element elementor-element-268cc83 elementor-widget elementor-widget-text-editor\" data-id=\"268cc83\" data-element_type=\"widget\" data-widget_type=\"text-editor.default\">\n\t\t\t\t<div class=\"elementor-widget-container\">\n\t\t\t\t\t\t\tHakk\u0131m\u0131zda\t\t\t\t\t\t<\/div>\n\t\t\t\t<\/div>\n\t\t\t\t<div class=\"elementor-element elementor-element-a73f4df elementor-invisible elementor-widget elementor-widget-text-editor\" data-id=\"a73f4df\" data-element_type=\"widget\" data-settings=\"{&quot;_animation&quot;:&quot;fadeIn&quot;}\" data-widget_type=\"text-editor.default\">\n\t\t\t\t<div class=\"elementor-widget-container\">\n\t\t\t\t\t\t\t<p>Denpa Metal San. ve Tic. Ltd. \u015eti. metallerin kesilmesi, \u015fekillendirilmesi ile ilgili uygulamalarda, en son teknolojiyi uygulayan deneyimli kadrosuyla siz m\u00fc\u015fterilerimze kalite ve i\u015f devaml\u0131l\u0131\u011f\u0131 ile hizmet vermeyi ama\u00e7lar. Amac\u0131m\u0131z b\u00fcy\u00fcy\u00fcp geli\u015fen bir T\u00fcrkiye i\u00e7in birlik ve hep beraber daha iyiye ula\u015fmakt\u0131r. Bu idol alt\u0131nda siz \u00fcretici firmalara da hizmet vermekten onur duyar\u0131z. Amac\u0131m\u0131z basit veya zor, az veya \u00e7ok demeden sizlerden gelecek isteklere g\u00f6re uygun \u00e7\u00f6z\u00fcm\u00fc k\u0131sa s\u00fcrede ve ekonomik anlamda yapmakt\u0131r.<\/p>\t\t\t\t\t\t<\/div>\n\t\t\t\t<\/div>\n\t\t\t\t<div class=\"elementor-element elementor-element-f672eda elementor-widget elementor-widget-text-editor\" data-id=\"f672eda\" data-element_type=\"widget\" data-widget_type=\"text-editor.default\">\n\t\t\t\t<div class=\"elementor-widget-container\">\n\t\t\t\t\t\t\tMisyonumuz\t\t\t\t\t\t<\/div>\n\t\t\t\t<\/div>\n\t\t\t\t<div class=\"elementor-element elementor-element-94138e9 elementor-invisible elementor-widget elementor-widget-text-editor\" data-id=\"94138e9\" data-element_type=\"widget\" data-settings=\"{&quot;_animation&quot;:&quot;fadeIn&quot;}\" data-widget_type=\"text-editor.default\">\n\t\t\t\t<div class=\"elementor-widget-container\">\n\t\t\t\t\t\t\t<p>M\u00fc\u015fterilerimizin beklentilerine en h\u0131zl\u0131, en tatminkar ve en kaliteli hizmet se\u00e7enekleri sunmay\u0131 kendisine prensip edinen, k\u00f6kl\u00fc bir ge\u00e7mi\u015fe sahip olan \u015firketimiz, son teknolojiyi takip ederek sekt\u00f6r\u00fcnde \u00f6nc\u00fc kurulu\u015f olma kimli\u011fini devam ettirmek.<\/p>\t\t\t\t\t\t<\/div>\n\t\t\t\t<\/div>\n\t\t\t\t<div class=\"elementor-element elementor-element-36b43a6 elementor-widget elementor-widget-text-editor\" data-id=\"36b43a6\" data-element_type=\"widget\" data-widget_type=\"text-editor.default\">\n\t\t\t\t<div class=\"elementor-widget-container\">\n\t\t\t\t\t\t\tVizyonumuz\t\t\t\t\t\t<\/div>\n\t\t\t\t<\/div>\n\t\t\t\t<div class=\"elementor-element elementor-element-b73790e elementor-invisible elementor-widget elementor-widget-text-editor\" data-id=\"b73790e\" data-element_type=\"widget\" data-settings=\"{&quot;_animation&quot;:&quot;fadeIn&quot;}\" data-widget_type=\"text-editor.default\">\n\t\t\t\t<div class=\"elementor-widget-container\">\n\t\t\t\t\t\t\t<p>Denpa Metal San. ve Tic. Ltd. \u015eti. y\u0131ll\u0131k b\u00fcy\u00fcme hedefiyle kendine g\u00fcvenen, modern hizmet binas\u0131 ile alan\u0131nda kaliteli hizmet sunan, kurumsalla\u015fma yolunda personel e\u011fitimine, \u00e7evre ve insan sa\u011fl\u0131\u011f\u0131na \u00f6nem ver bir kurulu\u015ftur.<\/p>\t\t\t\t\t\t<\/div>\n\t\t\t\t<\/div>\n\t\t\t\t\t<\/div>\n\t\t<\/div>\n\t\t\t\t<div class=\"elementor-column elementor-col-50 elementor-top-column elementor-element elementor-element-d7b9085\" data-id=\"d7b9085\" data-element_type=\"column\" data-settings=\"{&quot;background_background&quot;:&quot;classic&quot;}\">\n\t\t\t<div class=\"elementor-widget-wrap elementor-element-populated\">\n\t\t\t\t\t<div class=\"elementor-background-overlay\"><\/div>\n\t\t\t\t\t\t\t\t<div class=\"elementor-element elementor-element-2fd35ac animated-fast elementor-invisible elementor-widget elementor-widget-heading\" data-id=\"2fd35ac\" data-element_type=\"widget\" data-settings=\"{&quot;_animation&quot;:&quot;fadeInRight&quot;}\" data-widget_type=\"heading.default\">\n\t\t\t\t<div class=\"elementor-widget-container\">\n\t\t\t<h3 class=\"elementor-heading-title elementor-size-default\">Hemen hemen her sekt\u00f6rde<\/h3>\t\t<\/div>\n\t\t\t\t<\/div>\n\t\t\t\t<div class=\"elementor-element elementor-element-0a7b21e elementor-invisible elementor-widget elementor-widget-text-editor\" data-id=\"0a7b21e\" data-element_type=\"widget\" data-settings=\"{&quot;_animation&quot;:&quot;fadeInRight&quot;}\" data-widget_type=\"text-editor.default\">\n\t\t\t\t<div class=\"elementor-widget-container\">\n\t\t\t\t\t\t\t<p><strong>&#8211; Otomotiv<\/strong><br \/><strong>&#8211; Savunma ve Havac\u0131l\u0131k<\/strong><br \/><strong>&#8211; Kal\u0131p\u00e7\u0131l\u0131k<\/strong><br \/><strong>&#8211; Metal \u0130\u015fleme ve Makina<\/strong><br \/><strong>&#8211; Elektrik ve Elektronik<\/strong><br \/><strong>&#8211; Plastik \u0130malat<\/strong><br \/><strong>&#8211; Beyaz E\u015fya ve Mutfak<\/strong><br \/><strong>&#8211; Tekstil ve Mobilya<\/strong><br \/><strong>&#8211; Ambalaj<\/strong><br \/><strong>&#8211; Reklam ve Promosyon<\/strong><br \/><strong>&#8211; Ara\u015ft\u0131rma Kurumlar\u0131<\/strong><\/p>\t\t\t\t\t\t<\/div>\n\t\t\t\t<\/div>\n\t\t\t\t\t<\/div>\n\t\t<\/div>\n\t\t\t\t\t\t\t<\/div>\n\t\t<\/section>\n\t\t\t\t\t\t\t<\/div>\n\t\t","protected":false},"excerpt":{"rendered":"<p>About Us Denpa Metal Industry and Trade Limited Company aims to provide you service, as our customers, by means of quality and business continuity with&hellip;<\/p>\n","protected":false},"author":1,"featured_media":0,"parent":0,"menu_order":0,"comment_status":"closed","ping_status":"closed","template":"","meta":{"footnotes":""},"aioseo_notices":[],"_links":{"self":[{"href":"https:\/\/www.denpametal.com\/en\/wp-json\/wp\/v2\/pages\/30"}],"collection":[{"href":"https:\/\/www.denpametal.com\/en\/wp-json\/wp\/v2\/pages"}],"about":[{"href":"https:\/\/www.denpametal.com\/en\/wp-json\/wp\/v2\/types\/page"}],"author":[{"embeddable":true,"href":"https:\/\/www.denpametal.com\/en\/wp-json\/wp\/v2\/users\/1"}],"replies":[{"embeddable":true,"href":"https:\/\/www.denpametal.com\/en\/wp-json\/wp\/v2\/comments?post=30"}],"version-history":[{"count":48,"href":"https:\/\/www.denpametal.com\/en\/wp-json\/wp\/v2\/pages\/30\/revisions"}],"predecessor-version":[{"id":948,"href":"https:\/\/www.denpametal.com\/en\/wp-json\/wp\/v2\/pages\/30\/revisions\/948"}],"wp:attachment":[{"href":"https:\/\/www.denpametal.com\/en\/wp-json\/wp\/v2\/media?parent=30"}],"curies":[{"name":"wp","href":"https:\/\/api.w.org\/{rel}","templated":true}]}}