{"id":969,"date":"2023-12-01T21:45:24","date_gmt":"2023-12-01T18:45:24","guid":{"rendered":"https:\/\/www.denpametal.com\/?page_id=969"},"modified":"2023-12-01T23:36:10","modified_gmt":"2023-12-01T20:36:10","slug":"contact","status":"publish","type":"page","link":"https:\/\/www.denpametal.com\/de\/contact\/","title":{"rendered":"CONTACT"},"content":{"rendered":"\t\t<div data-elementor-type=\"wp-page\" data-elementor-id=\"969\" class=\"elementor elementor-969\">\n\t\t\t\t\t\t\t\t\t<section class=\"elementor-section elementor-top-section elementor-element elementor-element-6867ac88 elementor-section-boxed elementor-section-height-default elementor-section-height-default\" data-id=\"6867ac88\" data-element_type=\"section\" data-settings=\"{&quot;_ha_eqh_enable&quot;:false}\">\n\t\t\t\t\t\t<div class=\"elementor-container elementor-column-gap-default\">\n\t\t\t\t\t<div class=\"elementor-column elementor-col-50 elementor-top-column elementor-element elementor-element-106965a3\" data-id=\"106965a3\" data-element_type=\"column\">\n\t\t\t<div class=\"elementor-widget-wrap elementor-element-populated\">\n\t\t\t\t\t\t\t\t<div class=\"elementor-element elementor-element-473a6cc8 elementor-widget elementor-widget-text-editor\" data-id=\"473a6cc8\" data-element_type=\"widget\" data-widget_type=\"text-editor.default\">\n\t\t\t\t<div class=\"elementor-widget-container\">\n\t\t\t\t\t\t\t<p><strong>DENPA METAL INDUSTRY AND TRADE LIMITED COMPANY<\/strong><\/p><p><strong>Address:<\/strong><br \/>Demirta\u015f Dumlup\u0131nar OSB. G\u00fcl St. No: 9<br \/><strong>Osmangazi &#8211; BURSA &#8211; TURKEY<\/strong><\/p><p><strong>Tel:<\/strong> <a href=\"tel:02242613090\">+90 (224) 261 30 90<\/a><br \/><strong>Fax:<\/strong> +90 (224) 261 30 93<\/p><p><strong>Management: <\/strong><a href=\"mailto:info@denpametal.com\">info@denpametal.com<\/a><\/p><p><strong>Laser: <\/strong><a href=\"mailto:laser@denpametal.com\">laser@denpametal.com<\/a><\/p><p><strong>Quality: <\/strong><a href=\"mailto:kalite1@denpametal.com\">kalite1@denpametal.com<\/a><\/p><p><strong>Sales:<\/strong> <a href=\"mailto:satis@denpametal.com\">satis@denpametal.com<\/a><\/p><p>You can send your data and contact information to <a href=\"mailto:laser@denpametal.com\"><strong>laser@denpametal.com<\/strong><\/a> for pricing of your parts or projects.\u00a0<\/p>\t\t\t\t\t\t<\/div>\n\t\t\t\t<\/div>\n\t\t\t\t\t<\/div>\n\t\t<\/div>\n\t\t\t\t<div class=\"elementor-column elementor-col-50 elementor-top-column elementor-element elementor-element-2b5fce5\" data-id=\"2b5fce5\" data-element_type=\"column\">\n\t\t\t<div class=\"elementor-widget-wrap elementor-element-populated\">\n\t\t\t\t\t\t\t\t<div class=\"elementor-element elementor-element-403cd8e elementor-widget elementor-widget-google_maps\" data-id=\"403cd8e\" data-element_type=\"widget\" data-widget_type=\"google_maps.default\">\n\t\t\t\t<div class=\"elementor-widget-container\">\n\t\t\t\t\t<div class=\"elementor-custom-embed\">\n\t\t\t<iframe loading=\"lazy\"\n\t\t\t\t\tsrc=\"https:\/\/maps.google.com\/maps?q=DENPA%20METAL%20SAN.ve%20T%C4%B0C.LTD.%C5%9ET%C4%B0.&#038;t=m&#038;z=14&#038;output=embed&#038;iwloc=near\"\n\t\t\t\t\ttitle=\"DENPA METAL SAN.ve T\u0130C.LTD.\u015eT\u0130.\"\n\t\t\t\t\taria-label=\"DENPA METAL SAN.ve T\u0130C.LTD.\u015eT\u0130.\"\n\t\t\t><\/iframe>\n\t\t<\/div>\n\t\t\t\t<\/div>\n\t\t\t\t<\/div>\n\t\t\t\t<div class=\"elementor-element elementor-element-ed6f646 elementor-widget elementor-widget-spacer\" data-id=\"ed6f646\" data-element_type=\"widget\" data-widget_type=\"spacer.default\">\n\t\t\t\t<div class=\"elementor-widget-container\">\n\t\t\t\t\t<div class=\"elementor-spacer\">\n\t\t\t<div class=\"elementor-spacer-inner\"><\/div>\n\t\t<\/div>\n\t\t\t\t<\/div>\n\t\t\t\t<\/div>\n\t\t\t\t\t<\/div>\n\t\t<\/div>\n\t\t\t\t\t\t\t<\/div>\n\t\t<\/section>\n\t\t\t\t\t\t\t<\/div>\n\t\t","protected":false},"excerpt":{"rendered":"<p>DENPA METAL SAN.ve T\u0130C.LTD.\u015eT\u0130. Demirta\u015f Dumlup\u0131nar OSB. Mah. G\u00fcl Sok. No:9Osmangazi \u2013 BURSA\u00a0 Tel: +90 224 261 30 90Fax: +90 224 261 30 93\u00a0 Y\u00f6netim:&hellip;<\/p>\n","protected":false},"author":1,"featured_media":0,"parent":0,"menu_order":0,"comment_status":"closed","ping_status":"closed","template":"","meta":{"footnotes":""},"aioseo_notices":[],"_links":{"self":[{"href":"https:\/\/www.denpametal.com\/de\/wp-json\/wp\/v2\/pages\/969"}],"collection":[{"href":"https:\/\/www.denpametal.com\/de\/wp-json\/wp\/v2\/pages"}],"about":[{"href":"https:\/\/www.denpametal.com\/de\/wp-json\/wp\/v2\/types\/page"}],"author":[{"embeddable":true,"href":"https:\/\/www.denpametal.com\/de\/wp-json\/wp\/v2\/users\/1"}],"replies":[{"embeddable":true,"href":"https:\/\/www.denpametal.com\/de\/wp-json\/wp\/v2\/comments?post=969"}],"version-history":[{"count":20,"href":"https:\/\/www.denpametal.com\/de\/wp-json\/wp\/v2\/pages\/969\/revisions"}],"predecessor-version":[{"id":1033,"href":"https:\/\/www.denpametal.com\/de\/wp-json\/wp\/v2\/pages\/969\/revisions\/1033"}],"wp:attachment":[{"href":"https:\/\/www.denpametal.com\/de\/wp-json\/wp\/v2\/media?parent=969"}],"curies":[{"name":"wp","href":"https:\/\/api.w.org\/{rel}","templated":true}]}}