{"id":212,"date":"2018-01-21T12:07:19","date_gmt":"2018-01-21T09:07:19","guid":{"rendered":"http:\/\/www.denpametal.com\/de\/?page_id=212"},"modified":"2023-12-01T21:10:48","modified_gmt":"2023-12-01T18:10:48","slug":"makina-parkuru","status":"publish","type":"page","link":"https:\/\/www.denpametal.com\/de\/makina-parkuru\/","title":{"rendered":"MAK\u0130NE PARKURU"},"content":{"rendered":"\t\t<div data-elementor-type=\"wp-page\" data-elementor-id=\"212\" class=\"elementor elementor-212\">\n\t\t\t\t\t\t\t\t\t<section class=\"elementor-section elementor-top-section elementor-element elementor-element-df2451e elementor-section-boxed elementor-section-height-default elementor-section-height-default\" data-id=\"df2451e\" data-element_type=\"section\" data-settings=\"{&quot;_ha_eqh_enable&quot;:false}\">\n\t\t\t\t\t\t<div class=\"elementor-container elementor-column-gap-default\">\n\t\t\t\t\t<div class=\"elementor-column elementor-col-100 elementor-top-column elementor-element elementor-element-2512e4c\" data-id=\"2512e4c\" data-element_type=\"column\">\n\t\t\t<div class=\"elementor-widget-wrap elementor-element-populated\">\n\t\t\t\t\t\t\t\t<div class=\"elementor-element elementor-element-c7b9e27 elementor-widget elementor-widget-heading\" data-id=\"c7b9e27\" data-element_type=\"widget\" data-widget_type=\"heading.default\">\n\t\t\t\t<div class=\"elementor-widget-container\">\n\t\t\t<h2 class=\"elementor-heading-title elementor-size-default\">Lazer Kesim Makineleri<\/h2>\t\t<\/div>\n\t\t\t\t<\/div>\n\t\t\t\t\t<\/div>\n\t\t<\/div>\n\t\t\t\t\t\t\t<\/div>\n\t\t<\/section>\n\t\t\t\t<section class=\"elementor-section elementor-top-section elementor-element elementor-element-fd60349 elementor-section-boxed elementor-section-height-default elementor-section-height-default\" data-id=\"fd60349\" data-element_type=\"section\" data-settings=\"{&quot;_ha_eqh_enable&quot;:false}\">\n\t\t\t\t\t\t<div class=\"elementor-container elementor-column-gap-default\">\n\t\t\t\t\t<div class=\"elementor-column elementor-col-50 elementor-top-column elementor-element elementor-element-e25b6e6\" data-id=\"e25b6e6\" data-element_type=\"column\">\n\t\t\t<div class=\"elementor-widget-wrap elementor-element-populated\">\n\t\t\t\t\t\t\t\t<div class=\"elementor-element elementor-element-1120177 elementor-widget elementor-widget-image\" data-id=\"1120177\" data-element_type=\"widget\" data-widget_type=\"image.default\">\n\t\t\t\t<div class=\"elementor-widget-container\">\n\t\t\t\t\t\t\t\t\t\t\t\t\t\t\t\t<a href=\"http:\/\/www.denpametal.com\/wp-content\/uploads\/2018\/01\/slide11-1.jpg\" data-elementor-open-lightbox=\"yes\" data-e-action-hash=\"#elementor-action%3Aaction%3Dlightbox%26settings%3DeyJpZCI6MTc1LCJ1cmwiOiJodHRwczpcL1wvd3d3LmRlbnBhbWV0YWwuY29tXC93cC1jb250ZW50XC91cGxvYWRzXC8yMDE4XC8wMVwvc2xpZGUxMS0xLmpwZyJ9\">\n\t\t\t\t\t\t\t<img fetchpriority=\"high\" decoding=\"async\" width=\"675\" height=\"305\" src=\"https:\/\/www.denpametal.com\/wp-content\/uploads\/2018\/01\/slide11-1.jpg\" class=\"attachment-large size-large wp-image-175\" alt=\"\" srcset=\"https:\/\/www.denpametal.com\/wp-content\/uploads\/2018\/01\/slide11-1.jpg 675w, https:\/\/www.denpametal.com\/wp-content\/uploads\/2018\/01\/slide11-1-300x136.jpg 300w\" sizes=\"(max-width: 675px) 100vw, 675px\" \/>\t\t\t\t\t\t\t\t<\/a>\n\t\t\t\t\t\t\t\t\t\t\t\t\t\t\t<\/div>\n\t\t\t\t<\/div>\n\t\t\t\t<div class=\"elementor-element elementor-element-6a9aeca elementor-widget elementor-widget-text-editor\" data-id=\"6a9aeca\" data-element_type=\"widget\" data-widget_type=\"text-editor.default\">\n\t\t\t\t<div class=\"elementor-widget-container\">\n\t\t\t\t\t\t\tTruLaser 5030 Edition\n\t\t\t\t\t\t<\/div>\n\t\t\t\t<\/div>\n\t\t\t\t<div class=\"elementor-element elementor-element-3047f32 elementor-widget elementor-widget-text-editor\" data-id=\"3047f32\" data-element_type=\"widget\" data-widget_type=\"text-editor.default\">\n\t\t\t\t<div class=\"elementor-widget-container\">\n\t\t\t\t\t\t\t<p>\u00c7al\u0131\u015fma aral\u0131\u011f\u0131 X ekseni: 3000 mm Y ekseni: 1500 mm Z ekseni: 115 mm Max. sac kal\u0131nl\u0131\u011f\u0131 20 mm (hafif \u00e7elik) 12 mm (paslanmaz \u00e7elik) 8 mm (Aluminyum) Max. eksen \/ dk TRUMPF CO2-Lazer TruFlow 5000 Alan gereksinimleri 9200 mm x 4600 mm<\/p>\t\t\t\t\t\t<\/div>\n\t\t\t\t<\/div>\n\t\t\t\t\t<\/div>\n\t\t<\/div>\n\t\t\t\t<div class=\"elementor-column elementor-col-50 elementor-top-column elementor-element elementor-element-52e6cf9\" data-id=\"52e6cf9\" data-element_type=\"column\">\n\t\t\t<div class=\"elementor-widget-wrap elementor-element-populated\">\n\t\t\t\t\t\t\t\t<div class=\"elementor-element elementor-element-d22dc27 elementor-widget elementor-widget-image\" data-id=\"d22dc27\" data-element_type=\"widget\" data-widget_type=\"image.default\">\n\t\t\t\t<div class=\"elementor-widget-container\">\n\t\t\t\t\t\t\t\t\t\t\t\t\t\t\t\t<a href=\"http:\/\/www.denpametal.com\/wp-content\/uploads\/2018\/01\/slide22.jpg\" data-elementor-open-lightbox=\"yes\" data-e-action-hash=\"#elementor-action%3Aaction%3Dlightbox%26settings%3DeyJpZCI6MTc4LCJ1cmwiOiJodHRwczpcL1wvd3d3LmRlbnBhbWV0YWwuY29tXC93cC1jb250ZW50XC91cGxvYWRzXC8yMDE4XC8wMVwvc2xpZGUyMi5qcGcifQ%3D%3D\">\n\t\t\t\t\t\t\t<img decoding=\"async\" width=\"675\" height=\"305\" src=\"https:\/\/www.denpametal.com\/wp-content\/uploads\/2018\/01\/slide22.jpg\" class=\"attachment-large size-large wp-image-178\" alt=\"\" srcset=\"https:\/\/www.denpametal.com\/wp-content\/uploads\/2018\/01\/slide22.jpg 675w, https:\/\/www.denpametal.com\/wp-content\/uploads\/2018\/01\/slide22-300x136.jpg 300w\" sizes=\"(max-width: 675px) 100vw, 675px\" \/>\t\t\t\t\t\t\t\t<\/a>\n\t\t\t\t\t\t\t\t\t\t\t\t\t\t\t<\/div>\n\t\t\t\t<\/div>\n\t\t\t\t<div class=\"elementor-element elementor-element-d7df78d elementor-widget elementor-widget-text-editor\" data-id=\"d7df78d\" data-element_type=\"widget\" data-widget_type=\"text-editor.default\">\n\t\t\t\t<div class=\"elementor-widget-container\">\n\t\t\t\t\t\t\tTruLaser 2530\t\t\t\t\t\t<\/div>\n\t\t\t\t<\/div>\n\t\t\t\t<div class=\"elementor-element elementor-element-2350b6f elementor-widget elementor-widget-text-editor\" data-id=\"2350b6f\" data-element_type=\"widget\" data-widget_type=\"text-editor.default\">\n\t\t\t\t<div class=\"elementor-widget-container\">\n\t\t\t\t\t\t\t<p>\u00c7al\u0131\u015fma aral\u0131\u011f\u0131 X ekseni: 3000 mm Y ekseni: 1500 mm Z ekseni: 115 mm Max. sac kal\u0131nl\u0131\u011f\u0131 16 mm (hafif \u00e7elik) 8 mm (paslanmaz \u00e7elik) 6 mm (Aluminyum) Max. eksen \/ dk TRUMPF CO2-Lazer TruFlow 3000 Alan gereksinimleri 9000 mm x 4400 mm<\/p>\t\t\t\t\t\t<\/div>\n\t\t\t\t<\/div>\n\t\t\t\t\t<\/div>\n\t\t<\/div>\n\t\t\t\t\t\t\t<\/div>\n\t\t<\/section>\n\t\t\t\t<section class=\"elementor-section elementor-top-section elementor-element elementor-element-4469b33 elementor-section-boxed elementor-section-height-default elementor-section-height-default\" data-id=\"4469b33\" data-element_type=\"section\" data-settings=\"{&quot;_ha_eqh_enable&quot;:false}\">\n\t\t\t\t\t\t<div class=\"elementor-container elementor-column-gap-default\">\n\t\t\t\t\t<div class=\"elementor-column elementor-col-50 elementor-top-column elementor-element elementor-element-1b930aa\" data-id=\"1b930aa\" data-element_type=\"column\">\n\t\t\t<div class=\"elementor-widget-wrap elementor-element-populated\">\n\t\t\t\t\t\t\t\t<div class=\"elementor-element elementor-element-853f478 elementor-widget elementor-widget-text-editor\" data-id=\"853f478\" data-element_type=\"widget\" data-widget_type=\"text-editor.default\">\n\t\t\t\t<div class=\"elementor-widget-container\">\n\t\t\t\t\t\t\tMetal B\u00fckme Makineleri\t\t\t\t\t\t<\/div>\n\t\t\t\t<\/div>\n\t\t\t\t<div class=\"elementor-element elementor-element-f6869aa elementor-widget elementor-widget-image\" data-id=\"f6869aa\" data-element_type=\"widget\" data-widget_type=\"image.default\">\n\t\t\t\t<div class=\"elementor-widget-container\">\n\t\t\t\t\t\t\t\t\t\t\t\t\t\t\t\t<a href=\"http:\/\/www.denpametal.com\/wp-content\/uploads\/2018\/01\/slide33-1.jpg\" data-elementor-open-lightbox=\"yes\" data-e-action-hash=\"#elementor-action%3Aaction%3Dlightbox%26settings%3DeyJpZCI6MjI2LCJ1cmwiOiJodHRwczpcL1wvd3d3LmRlbnBhbWV0YWwuY29tXC93cC1jb250ZW50XC91cGxvYWRzXC8yMDE4XC8wMVwvc2xpZGUzMy0xLmpwZyJ9\">\n\t\t\t\t\t\t\t<img decoding=\"async\" width=\"675\" height=\"305\" src=\"https:\/\/www.denpametal.com\/wp-content\/uploads\/2018\/01\/slide33-1.jpg\" class=\"attachment-full size-full wp-image-226\" alt=\"\" srcset=\"https:\/\/www.denpametal.com\/wp-content\/uploads\/2018\/01\/slide33-1.jpg 675w, https:\/\/www.denpametal.com\/wp-content\/uploads\/2018\/01\/slide33-1-300x136.jpg 300w\" sizes=\"(max-width: 675px) 100vw, 675px\" \/>\t\t\t\t\t\t\t\t<\/a>\n\t\t\t\t\t\t\t\t\t\t\t\t\t\t\t<\/div>\n\t\t\t\t<\/div>\n\t\t\t\t<div class=\"elementor-element elementor-element-f6f6163 elementor-widget elementor-widget-text-editor\" data-id=\"f6f6163\" data-element_type=\"widget\" data-widget_type=\"text-editor.default\">\n\t\t\t\t<div class=\"elementor-widget-container\">\n\t\t\t\t\t\t\t<p><strong><span style=\"text-decoration: underline;\">Baykal Abkant (6 adet)<\/span><\/strong><br \/>8 mm HRP<br \/>6 mm Paslanmaz<br \/>8 mm ALMG3<\/p>\t\t\t\t\t\t<\/div>\n\t\t\t\t<\/div>\n\t\t\t\t\t<\/div>\n\t\t<\/div>\n\t\t\t\t<div class=\"elementor-column elementor-col-50 elementor-top-column elementor-element elementor-element-6e26472\" data-id=\"6e26472\" data-element_type=\"column\">\n\t\t\t<div class=\"elementor-widget-wrap elementor-element-populated\">\n\t\t\t\t\t\t\t\t<div class=\"elementor-element elementor-element-3a8e815 elementor-widget elementor-widget-text-editor\" data-id=\"3a8e815\" data-element_type=\"widget\" data-widget_type=\"text-editor.default\">\n\t\t\t\t<div class=\"elementor-widget-container\">\n\t\t\t\t\t\t\tBoru K\u0131v\u0131rma Makinesi\t\t\t\t\t\t<\/div>\n\t\t\t\t<\/div>\n\t\t\t\t<div class=\"elementor-element elementor-element-7768c8a elementor-widget elementor-widget-image\" data-id=\"7768c8a\" data-element_type=\"widget\" data-widget_type=\"image.default\">\n\t\t\t\t<div class=\"elementor-widget-container\">\n\t\t\t\t\t\t\t\t\t\t\t\t<figure class=\"wp-caption\">\n\t\t\t\t\t\t\t\t\t\t\t<a href=\"http:\/\/www.denpametal.com\/wp-content\/uploads\/2018\/01\/slide44-1.jpg\" data-elementor-open-lightbox=\"yes\" data-e-action-hash=\"#elementor-action%3Aaction%3Dlightbox%26settings%3DeyJpZCI6MjM3LCJ1cmwiOiJodHRwczpcL1wvd3d3LmRlbnBhbWV0YWwuY29tXC93cC1jb250ZW50XC91cGxvYWRzXC8yMDE4XC8wMVwvc2xpZGU0NC0xLmpwZyJ9\">\n\t\t\t\t\t\t\t<img loading=\"lazy\" decoding=\"async\" width=\"675\" height=\"305\" src=\"https:\/\/www.denpametal.com\/wp-content\/uploads\/2018\/01\/slide44-1.jpg\" class=\"attachment-large size-large wp-image-237\" alt=\"\" srcset=\"https:\/\/www.denpametal.com\/wp-content\/uploads\/2018\/01\/slide44-1.jpg 675w, https:\/\/www.denpametal.com\/wp-content\/uploads\/2018\/01\/slide44-1-300x136.jpg 300w\" sizes=\"(max-width: 675px) 100vw, 675px\" \/>\t\t\t\t\t\t\t\t<\/a>\n\t\t\t\t\t\t\t\t\t\t\t<figcaption class=\"widget-image-caption wp-caption-text\"><\/figcaption>\n\t\t\t\t\t\t\t\t\t\t<\/figure>\n\t\t\t\t\t\t\t\t\t<\/div>\n\t\t\t\t<\/div>\n\t\t\t\t\t<\/div>\n\t\t<\/div>\n\t\t\t\t\t\t\t<\/div>\n\t\t<\/section>\n\t\t\t\t<section class=\"elementor-section elementor-top-section elementor-element elementor-element-697f7be elementor-section-boxed elementor-section-height-default elementor-section-height-default\" data-id=\"697f7be\" data-element_type=\"section\" data-settings=\"{&quot;_ha_eqh_enable&quot;:false}\">\n\t\t\t\t\t\t<div class=\"elementor-container elementor-column-gap-default\">\n\t\t\t\t\t<div class=\"elementor-column elementor-col-50 elementor-top-column elementor-element elementor-element-3bcef62\" data-id=\"3bcef62\" data-element_type=\"column\">\n\t\t\t<div class=\"elementor-widget-wrap elementor-element-populated\">\n\t\t\t\t\t\t\t\t<div class=\"elementor-element elementor-element-bc4d3dc elementor-widget elementor-widget-text-editor\" data-id=\"bc4d3dc\" data-element_type=\"widget\" data-widget_type=\"text-editor.default\">\n\t\t\t\t<div class=\"elementor-widget-container\">\n\t\t\t\t\t\t\tRobot Kaynak\t\t\t\t\t\t<\/div>\n\t\t\t\t<\/div>\n\t\t\t\t<div class=\"elementor-element elementor-element-9fd3154 elementor-widget elementor-widget-image\" data-id=\"9fd3154\" data-element_type=\"widget\" data-widget_type=\"image.default\">\n\t\t\t\t<div class=\"elementor-widget-container\">\n\t\t\t\t\t\t\t\t\t\t\t\t\t\t\t<img loading=\"lazy\" decoding=\"async\" width=\"630\" height=\"478\" src=\"https:\/\/www.denpametal.com\/wp-content\/uploads\/2023\/09\/denpa-robot.png\" class=\"attachment-large size-large wp-image-451\" alt=\"\" srcset=\"https:\/\/www.denpametal.com\/wp-content\/uploads\/2023\/09\/denpa-robot.png 630w, https:\/\/www.denpametal.com\/wp-content\/uploads\/2023\/09\/denpa-robot-300x228.png 300w\" sizes=\"(max-width: 630px) 100vw, 630px\" \/>\t\t\t\t\t\t\t\t\t\t\t\t\t\t\t<\/div>\n\t\t\t\t<\/div>\n\t\t\t\t\t<\/div>\n\t\t<\/div>\n\t\t\t\t<div class=\"elementor-column elementor-col-50 elementor-top-column elementor-element elementor-element-45f2f70\" data-id=\"45f2f70\" data-element_type=\"column\">\n\t\t\t<div class=\"elementor-widget-wrap elementor-element-populated\">\n\t\t\t\t\t\t\t\t<div class=\"elementor-element elementor-element-2b9d1c8 elementor-widget elementor-widget-text-editor\" data-id=\"2b9d1c8\" data-element_type=\"widget\" data-widget_type=\"text-editor.default\">\n\t\t\t\t<div class=\"elementor-widget-container\">\n\t\t\t\t\t\t\tDi\u011fer Yard\u0131mc\u0131 \u00dcretim Makinelerimiz\t\t\t\t\t\t<\/div>\n\t\t\t\t<\/div>\n\t\t\t\t<div class=\"elementor-element elementor-element-c7dc279 elementor-widget elementor-widget-text-editor\" data-id=\"c7dc279\" data-element_type=\"widget\" data-widget_type=\"text-editor.default\">\n\t\t\t\t<div class=\"elementor-widget-container\">\n\t\t\t\t\t\t\t<p><strong>\u2013 Bu\u011fra Kaynak Makinas\u0131 350 Amper<\/strong><\/p><p><strong>\u2013 \u0130nteco Ti\u011f Kaynak Makinas\u0131<\/strong><\/p><p><strong>\u2013 Prestotig Ti\u011f Kaynak Makinas\u0131<\/strong><\/p><p><strong>\u2013 Dispa \u00c7apaks\u0131z Boru Profil Kesma Makinas\u0131<\/strong><\/p><p><strong>\u2013 Retosan K\u0131lavuz \u00c7ekme Makinas\u0131<\/strong><\/p><p><strong>\u2013 Tiryaki Sutunlu Matkap<\/strong><\/p><p><strong>\u2013 Z\u00fcmr\u00fct Profil Kesme Testeresi<\/strong><\/p><p><strong>\u2013 Aysan Y\u00fczey Z\u0131mpara Makinas\u0131<\/strong><\/p>\t\t\t\t\t\t<\/div>\n\t\t\t\t<\/div>\n\t\t\t\t\t<\/div>\n\t\t<\/div>\n\t\t\t\t\t\t\t<\/div>\n\t\t<\/section>\n\t\t\t\t\t\t\t<\/div>\n\t\t","protected":false},"excerpt":{"rendered":"<p>slide33<\/p>\n","protected":false},"author":1,"featured_media":0,"parent":0,"menu_order":0,"comment_status":"closed","ping_status":"closed","template":"","meta":{"footnotes":""},"aioseo_notices":[],"_links":{"self":[{"href":"https:\/\/www.denpametal.com\/de\/wp-json\/wp\/v2\/pages\/212"}],"collection":[{"href":"https:\/\/www.denpametal.com\/de\/wp-json\/wp\/v2\/pages"}],"about":[{"href":"https:\/\/www.denpametal.com\/de\/wp-json\/wp\/v2\/types\/page"}],"author":[{"embeddable":true,"href":"https:\/\/www.denpametal.com\/de\/wp-json\/wp\/v2\/users\/1"}],"replies":[{"embeddable":true,"href":"https:\/\/www.denpametal.com\/de\/wp-json\/wp\/v2\/comments?post=212"}],"version-history":[{"count":42,"href":"https:\/\/www.denpametal.com\/de\/wp-json\/wp\/v2\/pages\/212\/revisions"}],"predecessor-version":[{"id":910,"href":"https:\/\/www.denpametal.com\/de\/wp-json\/wp\/v2\/pages\/212\/revisions\/910"}],"wp:attachment":[{"href":"https:\/\/www.denpametal.com\/de\/wp-json\/wp\/v2\/media?parent=212"}],"curies":[{"name":"wp","href":"https:\/\/api.w.org\/{rel}","templated":true}]}}