{"id":144,"date":"2018-01-16T09:44:09","date_gmt":"2018-01-16T06:44:09","guid":{"rendered":"http:\/\/www.denpametal.com\/?page_id=144"},"modified":"2023-12-01T21:10:34","modified_gmt":"2023-12-01T18:10:34","slug":"kalite-sistemi","status":"publish","type":"page","link":"https:\/\/www.denpametal.com\/de\/kalite-sistemi\/","title":{"rendered":"KAL\u0130TE S\u0130STEM\u0130"},"content":{"rendered":"\t\t<div data-elementor-type=\"wp-page\" data-elementor-id=\"144\" class=\"elementor elementor-144\">\n\t\t\t\t\t\t\t\t\t<section class=\"elementor-section elementor-top-section elementor-element elementor-element-f7ad4a8 elementor-section-boxed elementor-section-height-default elementor-section-height-default\" data-id=\"f7ad4a8\" data-element_type=\"section\" data-settings=\"{&quot;_ha_eqh_enable&quot;:false}\">\n\t\t\t\t\t\t<div class=\"elementor-container elementor-column-gap-default\">\n\t\t\t\t\t<div class=\"elementor-column elementor-col-50 elementor-top-column elementor-element elementor-element-33511c7\" data-id=\"33511c7\" data-element_type=\"column\">\n\t\t\t<div class=\"elementor-widget-wrap elementor-element-populated\">\n\t\t\t\t\t\t\t\t<div class=\"elementor-element elementor-element-bd44453 elementor-widget elementor-widget-text-editor\" data-id=\"bd44453\" data-element_type=\"widget\" data-widget_type=\"text-editor.default\">\n\t\t\t\t<div class=\"elementor-widget-container\">\n\t\t\t\t\t\t\t<p>Kalite Kontrol ba\u015far\u0131m\u0131zdaki en \u00f6nemli fakt\u00f6rd\u00fcr. Kalite Kontrol departman\u0131m\u0131z,m\u00fc\u015fterilerimizin \u00fcr\u00fcnlerini sekt\u00f6r\u00fcn en kat\u0131 gereksinimleri gere\u011fince s\u00fcrekli kontrol alt\u0131nda tutar.<\/p><p>Kalite politikam\u0131z\u0131 \u015fu \u015fekilde \u00f6zetleyebiliriz;<\/p><p>Kalite, bizim \u00fcr\u00fcn\u00fcm\u00fczd\u00fcr.<\/p><p>Kalite \u00fcretimde olu\u015fur, sadece \u00fcretim sonras\u0131 kontrol edilmez. \u00dcretimdeki \u00e7al\u0131\u015fanlar\u0131m\u0131z, \u00fcr\u00fcnlerin kalitesinde tam sorumluluk al\u0131rlar.<\/p><p>M\u00fc\u015fteri tatmini, organizasyonumuzun her a\u015famas\u0131nda \u00f6ncelikli hedefimizdir.<\/p><p>Kalite ve i\u015fletme hedeflerine ula\u015fmak i\u00e7in y\u00f6netim ve \u00e7al\u0131\u015fanlar bir tak\u0131m olarak hareket eder;<\/p><p>Bu bizim gelecekteki ba\u015far\u0131lar\u0131m\u0131z\u0131 garanti alt\u0131na al\u0131r.<\/p><p>Kalite departman\u0131m\u0131z i\u00e7indeki \u00e7evre ko\u015fullar\u0131 kontrol alt\u0131nda tutulmaktad\u0131r. Departman\u0131m\u0131z, Koordinat \u00d6l\u00e7me Cihaz\u0131,quality-control sertlik cihazlar\u0131 ve y\u00fczey p\u00fcr\u00fczl\u00fcl\u00fck cihazlar\u0131 gibi sofistike ve son teknoloji ara\u00e7larla donat\u0131lm\u0131\u015ft\u0131r. Bu bize geri d\u00f6n\u00fc\u015f\u00fcml\u00fc m\u00fchendislik gibi ek hizmetler de verme imkan\u0131 sa\u011flar.<\/p><p>Kalite kontrol raporlar\u0131m\u0131z talep halinde sunulabilir.<\/p><p>Firmam\u0131z DIN EN ISO-9001:2015 Kalite belgesi bulunmaktad\u0131r. QS-16949 \u00e7al\u0131\u015fmalar\u0131 devam etmekte olup yeni tesisimizde tamamlanmas\u0131 hedeflenmektedir.<\/p><p>* E\u011fitime ve ileti\u015fime \u00f6nem vererek, \u00e7al\u0131\u015fanlar\u0131m\u0131z\u0131n kalite bilincini artt\u0131rmak,<\/p><p>* M\u00fc\u015fterilerimize sa\u011flad\u0131\u011f\u0131m\u0131z \u00fcr\u00fcnlerin ve hizmetlerin kalitesini s\u00fcrekli olarak geli\u015ftirmek ve b\u00f6ylece m\u00fc\u015fterilerimizin beklentilerini kar\u015f\u0131lamak,<\/p><p>* Uluslararas\u0131 mevzuat ve standartlara uygun \u00fcr\u00fcn tedarik ederek, zaman\u0131nda teslim etmek,<\/p><p>* Kalite sistemi standartlar\u0131n\u0131 uygulayarak, mevzuatlara ve yasalara uyarak s\u00fcrekli iyile\u015fmeyi sa\u011flamak kalite politikam\u0131zd\u0131r.<\/p>\t\t\t\t\t\t<\/div>\n\t\t\t\t<\/div>\n\t\t\t\t\t<\/div>\n\t\t<\/div>\n\t\t\t\t<div class=\"elementor-column elementor-col-50 elementor-top-column elementor-element elementor-element-35f379a\" data-id=\"35f379a\" data-element_type=\"column\">\n\t\t\t<div class=\"elementor-widget-wrap elementor-element-populated\">\n\t\t\t\t\t\t\t\t<div class=\"elementor-element elementor-element-92c36cd gallery-spacing-custom elementor-widget elementor-widget-image-gallery\" data-id=\"92c36cd\" data-element_type=\"widget\" data-widget_type=\"image-gallery.default\">\n\t\t\t\t<div class=\"elementor-widget-container\">\n\t\t\t\t\t<div class=\"elementor-image-gallery\">\n\t\t\t<div id='gallery-1' class='gallery galleryid-144 gallery-columns-1 gallery-size-full'><figure class='gallery-item'>\r\n\t\t\t<div class='gallery-icon portrait'>\r\n\t\t\t\t<a data-elementor-open-lightbox=\"yes\" data-elementor-lightbox-slideshow=\"92c36cd\" data-e-action-hash=\"#elementor-action%3Aaction%3Dlightbox%26settings%3DeyJpZCI6NTQ3LCJ1cmwiOiJodHRwczpcL1wvd3d3LmRlbnBhbWV0YWwuY29tXC93cC1jb250ZW50XC91cGxvYWRzXC8yMDIzXC8wOVwvOTAwMS5wbmciLCJzbGlkZXNob3ciOiI5MmMzNmNkIn0%3D\" href='https:\/\/www.denpametal.com\/wp-content\/uploads\/2023\/09\/9001.png'><img fetchpriority=\"high\" decoding=\"async\" width=\"556\" height=\"787\" src=\"https:\/\/www.denpametal.com\/wp-content\/uploads\/2023\/09\/9001.png\" class=\"attachment-full size-full\" alt=\"\" srcset=\"https:\/\/www.denpametal.com\/wp-content\/uploads\/2023\/09\/9001.png 556w, https:\/\/www.denpametal.com\/wp-content\/uploads\/2023\/09\/9001-212x300.png 212w\" sizes=\"(max-width: 556px) 100vw, 556px\" \/><\/a>\r\n\t\t\t<\/div><\/figure><\/div>\n\t\t<\/div>\n\t\t\t\t<\/div>\n\t\t\t\t<\/div>\n\t\t\t\t<div class=\"elementor-element elementor-element-9b167cb gallery-spacing-custom elementor-widget elementor-widget-image-gallery\" data-id=\"9b167cb\" data-element_type=\"widget\" data-widget_type=\"image-gallery.default\">\n\t\t\t\t<div class=\"elementor-widget-container\">\n\t\t\t\t\t<div class=\"elementor-image-gallery\">\n\t\t\t<div id='gallery-2' class='gallery galleryid-144 gallery-columns-2 gallery-size-full'><figure class='gallery-item'>\r\n\t\t\t<div class='gallery-icon portrait'>\r\n\t\t\t\t<a data-elementor-open-lightbox=\"yes\" data-elementor-lightbox-slideshow=\"9b167cb\" data-e-action-hash=\"#elementor-action%3Aaction%3Dlightbox%26settings%3DeyJpZCI6NTQ4LCJ1cmwiOiJodHRwczpcL1wvd3d3LmRlbnBhbWV0YWwuY29tXC93cC1jb250ZW50XC91cGxvYWRzXC8yMDIzXC8wOVwvMTAwMDIucG5nIiwic2xpZGVzaG93IjoiOWIxNjdjYiJ9\" href='https:\/\/www.denpametal.com\/wp-content\/uploads\/2023\/09\/10002.png'><img decoding=\"async\" width=\"557\" height=\"787\" src=\"https:\/\/www.denpametal.com\/wp-content\/uploads\/2023\/09\/10002.png\" class=\"attachment-full size-full\" alt=\"\" srcset=\"https:\/\/www.denpametal.com\/wp-content\/uploads\/2023\/09\/10002.png 557w, https:\/\/www.denpametal.com\/wp-content\/uploads\/2023\/09\/10002-212x300.png 212w\" sizes=\"(max-width: 557px) 100vw, 557px\" \/><\/a>\r\n\t\t\t<\/div><\/figure><figure class='gallery-item'>\r\n\t\t\t<div class='gallery-icon portrait'>\r\n\t\t\t\t<a data-elementor-open-lightbox=\"yes\" data-elementor-lightbox-slideshow=\"9b167cb\" data-e-action-hash=\"#elementor-action%3Aaction%3Dlightbox%26settings%3DeyJpZCI6NTQ5LCJ1cmwiOiJodHRwczpcL1wvd3d3LmRlbnBhbWV0YWwuY29tXC93cC1jb250ZW50XC91cGxvYWRzXC8yMDIzXC8wOVwvMTQwMDEucG5nIiwic2xpZGVzaG93IjoiOWIxNjdjYiJ9\" href='https:\/\/www.denpametal.com\/wp-content\/uploads\/2023\/09\/14001.png'><img decoding=\"async\" width=\"556\" height=\"786\" src=\"https:\/\/www.denpametal.com\/wp-content\/uploads\/2023\/09\/14001.png\" class=\"attachment-full size-full\" alt=\"\" srcset=\"https:\/\/www.denpametal.com\/wp-content\/uploads\/2023\/09\/14001.png 556w, https:\/\/www.denpametal.com\/wp-content\/uploads\/2023\/09\/14001-212x300.png 212w\" sizes=\"(max-width: 556px) 100vw, 556px\" \/><\/a>\r\n\t\t\t<\/div><\/figure><\/div>\n\t\t<\/div>\n\t\t\t\t<\/div>\n\t\t\t\t<\/div>\n\t\t\t\t\t<\/div>\n\t\t<\/div>\n\t\t\t\t\t\t\t<\/div>\n\t\t<\/section>\n\t\t\t\t\t\t\t<\/div>\n\t\t","protected":false},"excerpt":{"rendered":"<p>Kalite Kontrol ba\u015far\u0131m\u0131zdaki en \u00f6nemli fakt\u00f6rd\u00fcr. Kalite Kontrol departman\u0131m\u0131z,m\u00fc\u015fterilerimizin \u00fcr\u00fcnlerini sekt\u00f6r\u00fcn en kat\u0131 gereksinimleri gere\u011fince s\u00fcrekli kontrol alt\u0131nda tutar. Kalite politikam\u0131z\u0131 \u015fu \u015fekilde \u00f6zetleyebiliriz; Kalite,&hellip;<\/p>\n","protected":false},"author":1,"featured_media":0,"parent":0,"menu_order":0,"comment_status":"closed","ping_status":"closed","template":"","meta":{"footnotes":""},"aioseo_notices":[],"_links":{"self":[{"href":"https:\/\/www.denpametal.com\/de\/wp-json\/wp\/v2\/pages\/144"}],"collection":[{"href":"https:\/\/www.denpametal.com\/de\/wp-json\/wp\/v2\/pages"}],"about":[{"href":"https:\/\/www.denpametal.com\/de\/wp-json\/wp\/v2\/types\/page"}],"author":[{"embeddable":true,"href":"https:\/\/www.denpametal.com\/de\/wp-json\/wp\/v2\/users\/1"}],"replies":[{"embeddable":true,"href":"https:\/\/www.denpametal.com\/de\/wp-json\/wp\/v2\/comments?post=144"}],"version-history":[{"count":56,"href":"https:\/\/www.denpametal.com\/de\/wp-json\/wp\/v2\/pages\/144\/revisions"}],"predecessor-version":[{"id":909,"href":"https:\/\/www.denpametal.com\/de\/wp-json\/wp\/v2\/pages\/144\/revisions\/909"}],"wp:attachment":[{"href":"https:\/\/www.denpametal.com\/de\/wp-json\/wp\/v2\/media?parent=144"}],"curies":[{"name":"wp","href":"https:\/\/api.w.org\/{rel}","templated":true}]}}